{"id":1972,"date":"2021-08-16T00:58:02","date_gmt":"2021-08-16T00:58:02","guid":{"rendered":"http:\/\/gabllarcorp.com\/?post_type=product&#038;p=1972"},"modified":"2021-08-16T00:58:27","modified_gmt":"2021-08-16T00:58:27","slug":"tunel-y-vpn","status":"publish","type":"product","link":"https:\/\/conectacontigo.com.pe\/?product=tunel-y-vpn","title":{"rendered":"TUNEL Y VPN"},"content":{"rendered":"<h2>Un t\u00fanel VPN a\u00f1ade privacidad y seguridad<\/h2>\n<div class=\"subheading-text\">\n<p>Un t\u00fanel VPN (a menudo simplemente llamado VPN, o red privada virtual) es una\u00a0<strong>conexi\u00f3n encriptada<\/strong>\u00a0entre su equipo o dispositivo m\u00f3vil y la internet en general. Dado que su conexi\u00f3n se encuentra encriptada, nadie a lo largo del t\u00fanel VPN puede interceptar, monitorear ni alterar sus comunicaciones.<\/p>\n<div class=\"txt-left\">\n<h2>Un t\u00fanel VPN oculta su ubicaci\u00f3n<\/h2>\n<\/div>\n<div class=\"subheading-text\">\n<p>Un t\u00fanel VPN no solo evita que sus datos sean interceptados sino que tambi\u00e9n oculta su direcci\u00f3n IP, la cual, de otro modo, podr\u00eda ser utilizada para identificarle cuando navega por la web. En lugar de su ubicaci\u00f3n real, las p\u00e1ginas que visite solo ver\u00e1n la ubicaci\u00f3n del servidor VPN al que usted se encuentra conectado.<\/p>\n<p>As\u00ed es como los t\u00faneles VPN pueden ayudarle a evadir tanto la censura impuesta en su red local, como la censura que impone la red local de la p\u00e1gina que usted est\u00e1 visitando.<\/p>\n<\/div>\n<\/div>\n","protected":false},"excerpt":{"rendered":"<p>Un t\u00fanel VPN a\u00f1ade privacidad y seguridad Un t\u00fanel VPN (a menudo simplemente llamado VPN, o red privada virtual) es una\u00a0conexi\u00f3n encriptada\u00a0entre su equipo o dispositivo m\u00f3vil y la internet en general. Dado que su conexi\u00f3n se encuentra encriptada, nadie a lo largo del t\u00fanel VPN puede interceptar, monitorear ni alterar sus comunicaciones. Un t\u00fanel [&hellip;]<\/p>\n","protected":false},"featured_media":1973,"comment_status":"open","ping_status":"closed","template":"","meta":[],"product_cat":[201],"product_tag":[],"yst_prominent_words":[],"_links":{"self":[{"href":"https:\/\/conectacontigo.com.pe\/index.php?rest_route=\/wp\/v2\/product\/1972"}],"collection":[{"href":"https:\/\/conectacontigo.com.pe\/index.php?rest_route=\/wp\/v2\/product"}],"about":[{"href":"https:\/\/conectacontigo.com.pe\/index.php?rest_route=\/wp\/v2\/types\/product"}],"replies":[{"embeddable":true,"href":"https:\/\/conectacontigo.com.pe\/index.php?rest_route=%2Fwp%2Fv2%2Fcomments&post=1972"}],"wp:featuredmedia":[{"embeddable":true,"href":"https:\/\/conectacontigo.com.pe\/index.php?rest_route=\/wp\/v2\/media\/1973"}],"wp:attachment":[{"href":"https:\/\/conectacontigo.com.pe\/index.php?rest_route=%2Fwp%2Fv2%2Fmedia&parent=1972"}],"wp:term":[{"taxonomy":"product_cat","embeddable":true,"href":"https:\/\/conectacontigo.com.pe\/index.php?rest_route=%2Fwp%2Fv2%2Fproduct_cat&post=1972"},{"taxonomy":"product_tag","embeddable":true,"href":"https:\/\/conectacontigo.com.pe\/index.php?rest_route=%2Fwp%2Fv2%2Fproduct_tag&post=1972"},{"taxonomy":"yst_prominent_words","embeddable":true,"href":"https:\/\/conectacontigo.com.pe\/index.php?rest_route=%2Fwp%2Fv2%2Fyst_prominent_words&post=1972"}],"curies":[{"name":"wp","href":"https:\/\/api.w.org\/{rel}","templated":true}]}}