{"id":1975,"date":"2021-08-16T01:05:42","date_gmt":"2021-08-16T01:05:42","guid":{"rendered":"http:\/\/gabllarcorp.com\/?post_type=product&#038;p=1975"},"modified":"2021-08-16T01:06:54","modified_gmt":"2021-08-16T01:06:54","slug":"administracion-de-ancho-de-banda","status":"publish","type":"product","link":"https:\/\/conectacontigo.com.pe\/?product=administracion-de-ancho-de-banda","title":{"rendered":"ADMINISTRACION DE ANCHO DE BANDA"},"content":{"rendered":"<p>Para acceder a la herramienta de prueba de\u00a0<b>ancho de banda<\/b>\u00a0desde Webmin o\u00a0<b>Winbox<\/b>\u00a0hay que dirigirse a System &gt; Bandwidth Test . Su uso es bastante simple: se ingresa la IP (v4 o V6), si descarga, env\u00eda o ambos (direcci\u00f3n de datos) y las credenciales (usuario y contrase\u00f1a) correspondientes al servidor<\/p>\n","protected":false},"excerpt":{"rendered":"<p>Para acceder a la herramienta de prueba de\u00a0ancho de banda\u00a0desde Webmin o\u00a0Winbox\u00a0hay que dirigirse a System &gt; Bandwidth Test . Su uso es bastante simple: se ingresa la IP (v4 o V6), si descarga, env\u00eda o ambos (direcci\u00f3n de datos) y las credenciales (usuario y contrase\u00f1a) correspondientes al servidor<\/p>\n","protected":false},"featured_media":1979,"comment_status":"open","ping_status":"closed","template":"","meta":[],"product_cat":[201],"product_tag":[],"yst_prominent_words":[],"_links":{"self":[{"href":"https:\/\/conectacontigo.com.pe\/index.php?rest_route=\/wp\/v2\/product\/1975"}],"collection":[{"href":"https:\/\/conectacontigo.com.pe\/index.php?rest_route=\/wp\/v2\/product"}],"about":[{"href":"https:\/\/conectacontigo.com.pe\/index.php?rest_route=\/wp\/v2\/types\/product"}],"replies":[{"embeddable":true,"href":"https:\/\/conectacontigo.com.pe\/index.php?rest_route=%2Fwp%2Fv2%2Fcomments&post=1975"}],"wp:featuredmedia":[{"embeddable":true,"href":"https:\/\/conectacontigo.com.pe\/index.php?rest_route=\/wp\/v2\/media\/1979"}],"wp:attachment":[{"href":"https:\/\/conectacontigo.com.pe\/index.php?rest_route=%2Fwp%2Fv2%2Fmedia&parent=1975"}],"wp:term":[{"taxonomy":"product_cat","embeddable":true,"href":"https:\/\/conectacontigo.com.pe\/index.php?rest_route=%2Fwp%2Fv2%2Fproduct_cat&post=1975"},{"taxonomy":"product_tag","embeddable":true,"href":"https:\/\/conectacontigo.com.pe\/index.php?rest_route=%2Fwp%2Fv2%2Fproduct_tag&post=1975"},{"taxonomy":"yst_prominent_words","embeddable":true,"href":"https:\/\/conectacontigo.com.pe\/index.php?rest_route=%2Fwp%2Fv2%2Fyst_prominent_words&post=1975"}],"curies":[{"name":"wp","href":"https:\/\/api.w.org\/{rel}","templated":true}]}}