{"id":1994,"date":"2021-08-16T01:33:45","date_gmt":"2021-08-16T01:33:45","guid":{"rendered":"http:\/\/gabllarcorp.com\/?post_type=product&#038;p=1994"},"modified":"2021-08-16T01:34:13","modified_gmt":"2021-08-16T01:34:13","slug":"alojamiento-web","status":"publish","type":"product","link":"https:\/\/conectacontigo.com.pe\/?product=alojamiento-web","title":{"rendered":"ALOJAMIENTO WEB (.COM .PE)"},"content":{"rendered":"<p>El\u00a0<b>alojamiento web<\/b>\u00a0(en\u00a0ingl\u00e9s:\u00a0<i>web hosting<\/i>) es el servicio que provee a los\u00a0usuarios\u00a0de\u00a0Internet\u00a0un sistema para poder almacenar informaci\u00f3n, im\u00e1genes, v\u00eddeo, o cualquier contenido accesible v\u00eda web. Es una analog\u00eda de &#8220;hospedaje o alojamiento en hoteles o habitaciones&#8221; donde uno ocupa un lugar espec\u00edfico, en este caso la analog\u00eda alojamiento web o alojamiento de p\u00e1ginas web, se refiere al lugar que ocupa una p\u00e1gina web,\u00a0sitio web, sistema,\u00a0correo electr\u00f3nico, archivos, en\u00a0Internet\u00a0o m\u00e1s espec\u00edficamente en un\u00a0servidor, que por lo general hospeda varias aplicaciones o p\u00e1ginas web.<\/p>\n<p>Las compa\u00f1\u00edas que proporcionan espacio de un\u00a0servidor\u00a0a sus clientes se suelen denominar con el t\u00e9rmino en ingl\u00e9s\u00a0<i>web host<\/i>.<\/p>\n<p>El hospedaje web aunque no es necesariamente un servicio, se ha convertido en un lucrativo negocio para las compa\u00f1\u00edas de Internet en todo el mundo. El hosting u hospedaje es un espacio en un servidor en el cual se guardar\u00e1 toda la informaci\u00f3n de tu sitio web y estar\u00e1 activo durante un a\u00f1o. Se puede definir como &#8220;un lugar para tu p\u00e1gina web o correos electr\u00f3nicos&#8221;, aunque esta definici\u00f3n simplifica de manera conceptual el hecho de que el alojamiento web es en realidad espacio en Internet para pr\u00e1cticamente cualquier tipo de informaci\u00f3n, sea archivos, sistemas, correos electr\u00f3nicos, videos, etc\u00e9tera.<\/p>\n","protected":false},"excerpt":{"rendered":"<p>El\u00a0alojamiento web\u00a0(en\u00a0ingl\u00e9s:\u00a0web hosting) es el servicio que provee a los\u00a0usuarios\u00a0de\u00a0Internet\u00a0un sistema para poder almacenar informaci\u00f3n, im\u00e1genes, v\u00eddeo, o cualquier contenido accesible v\u00eda web. Es una analog\u00eda de &#8220;hospedaje o alojamiento en hoteles o habitaciones&#8221; donde uno ocupa un lugar espec\u00edfico, en este caso la analog\u00eda alojamiento web o alojamiento de p\u00e1ginas web, se refiere al [&hellip;]<\/p>\n","protected":false},"featured_media":1995,"comment_status":"open","ping_status":"closed","template":"","meta":[],"product_cat":[203],"product_tag":[],"yst_prominent_words":[87,30],"_links":{"self":[{"href":"https:\/\/conectacontigo.com.pe\/index.php?rest_route=\/wp\/v2\/product\/1994"}],"collection":[{"href":"https:\/\/conectacontigo.com.pe\/index.php?rest_route=\/wp\/v2\/product"}],"about":[{"href":"https:\/\/conectacontigo.com.pe\/index.php?rest_route=\/wp\/v2\/types\/product"}],"replies":[{"embeddable":true,"href":"https:\/\/conectacontigo.com.pe\/index.php?rest_route=%2Fwp%2Fv2%2Fcomments&post=1994"}],"wp:featuredmedia":[{"embeddable":true,"href":"https:\/\/conectacontigo.com.pe\/index.php?rest_route=\/wp\/v2\/media\/1995"}],"wp:attachment":[{"href":"https:\/\/conectacontigo.com.pe\/index.php?rest_route=%2Fwp%2Fv2%2Fmedia&parent=1994"}],"wp:term":[{"taxonomy":"product_cat","embeddable":true,"href":"https:\/\/conectacontigo.com.pe\/index.php?rest_route=%2Fwp%2Fv2%2Fproduct_cat&post=1994"},{"taxonomy":"product_tag","embeddable":true,"href":"https:\/\/conectacontigo.com.pe\/index.php?rest_route=%2Fwp%2Fv2%2Fproduct_tag&post=1994"},{"taxonomy":"yst_prominent_words","embeddable":true,"href":"https:\/\/conectacontigo.com.pe\/index.php?rest_route=%2Fwp%2Fv2%2Fyst_prominent_words&post=1994"}],"curies":[{"name":"wp","href":"https:\/\/api.w.org\/{rel}","templated":true}]}}