{"id":1996,"date":"2021-08-16T01:42:48","date_gmt":"2021-08-16T01:42:48","guid":{"rendered":"http:\/\/gabllarcorp.com\/?post_type=product&#038;p=1996"},"modified":"2021-08-16T01:42:48","modified_gmt":"2021-08-16T01:42:48","slug":"configuracion-de-enlace-punto-a-punto-wisp","status":"publish","type":"product","link":"https:\/\/conectacontigo.com.pe\/?product=configuracion-de-enlace-punto-a-punto-wisp","title":{"rendered":"CONFIGURACION DE ENLACE PUNTO A PUNTO WISP"},"content":{"rendered":"<h3>Dise\u00f1o de Red WISP Centralizado<\/h3>\n<p>La topolog\u00eda de red com\u00fan para implementar una red WISP requiere una ubicaci\u00f3n central, el Centro de Operaciones de Red (NOC) para las funciones de negocios de control de acceso, aprovisionamiento, activaci\u00f3n y facturaci\u00f3n.<\/p>\n<p>La topolog\u00eda centralizada no es eficiente. El protocolo TCP\/IP junto con los servicios DHCP crea una cantidad considerable de tr\u00e1fico &#8220;administrativo&#8221; que fluye a trav\u00e9s de toda la red; WISPs prefieren implementar el protocolo PPPoE para minimizar el tr\u00e1fico &#8220;administrativo&#8221;.<\/p>\n<p>El NOC requiere que todas las torres inal\u00e1mbricas est\u00e9n conectadas a la ubicaci\u00f3n del NOC, lo que implica un gasto adicional de construcci\u00f3n y una mayor complejidad de la red del sistema de distribuci\u00f3n inal\u00e1mbrico.<\/p>\n<p>Se requiere una gran inversi\u00f3n inicial para construir el NOC con torres conectadas al sitio central a trav\u00e9s de una red de distribuci\u00f3n inal\u00e1mbrica punto a punto antes de poder inscribir a los suscriptores.<\/p>\n<p>La figura muestra el dise\u00f1o de la red WISP centralizada:<\/p>\n<p><img src=\"http:\/\/wispinabox.com\/img\/wisp_topologia_red_centralizada.png\" alt=\"Topolog\u00eda de red centralizada WISP\" \/><\/p>\n<h3>Dise\u00f1o de red WISP distribuido utilizando easyWISP<\/h3>\n<p>El dise\u00f1o de la red distribuida es simple y eficiente. Se instala un gateway easyWISP de bajo costo en cada torre punto a multipunto (PtMP). La torre PtMP proporciona un enlace inal\u00e1mbrico a cada radio del Equipo de Premisa del Cliente (CPE) del suscriptor. Al tener un gateway ubicado en cada torre (topolog\u00eda distribuida), se puede implementar el protocolo TCP\/IP con servicios DHCP. Un enlace de punto a punto (PtP) inal\u00e1mbrico o de linea f\u00edja conecta la torre al punto de presencia (PoP) m\u00e1s cercano del proveedor de servicios de Internet (ISP).<\/p>\n<p>El costo de la inversi\u00f3n es bajo porque el gateway easyWISP de la torre es econ\u00f3mica y es el \u00fanico costo de administraci\u00f3n de la red. El sitio de la torre se puede conectar directamente a un ISP a trav\u00e9s de un enlace PtP para el acceso a Internet, eliminando los enlaces de backhaul al NOC.<\/p>\n<p>La tecnolog\u00eda de administraci\u00f3n easyWISP y cloud4WISP reemplaza el costo y la complejidad del NOC. No se cobra una tarifa mensual por el servicio cloud4WISP, ya que el servicio vitalicio se incluye con cada controlador easyWISP.<\/p>\n<p>La fiabilidad del sistema distribuido es mucho mayor que el dise\u00f1o centralizado. Un fallo en un componente no paralizar\u00e1 toda la red. El dise\u00f1o de easyWISP\/cloud4WISP es completamente redundante. Los controladores easyWISP operan de forma aut\u00f3noma de cloud4WISP. Un fallo de easyWISP solo afectar\u00e1 a la torre a la que est\u00e1 conectada.<\/p>\n<p>La figura muestra el dise\u00f1o de red WISP distribuido:<\/p>\n<p><img src=\"http:\/\/wispinabox.com\/img\/wisp_topologia_red_distribuida.png\" alt=\"Topolog\u00eda de red distribuida WISP\" \/><\/p>\n<h3>Ventajas de la topolog\u00eda distribuida en la nube<\/h3>\n<p>Muchas personas tienen la energ\u00eda y el tiempo para iniciar un WISP pero no pueden hacerlo porque no tienen las habilidades t\u00e9cnicas y no tienen el capital de inversi\u00f3n para construir un sistema de red centralizado. La topolog\u00eda de red distribuida proporciona un camino para que las personas con conocimientos y recursos financieros limitados puedan construir un negocio WISP exitoso. \u00bfC\u00f3mo es esto posible?<\/p>\n<ul>\n<li>La tecnolog\u00eda de red distribuida que utiliza la soluci\u00f3n easyWISP es plug and play, no se requieren conocimientos t\u00e9cnicos de redes. El propietario del WISP debe poder instalar y configurar la radio PtMP y las radios CPE. El propietario del WISP tambi\u00e9n debe poder instalar un enlace inal\u00e1mbrico punto a punto (PtP) para conectar la torre al punto de presencia (PoP) del ISP.<\/li>\n<li>La topolog\u00eda de red distribuida con administraci\u00f3n en la nube no requiere la inversi\u00f3n del NOC; La consola de administraci\u00f3n en la nube de cloud4WISP es el Centro de Operaciones de Red &#8220;virtual&#8221;. Adem\u00e1s, no se requiere la infraestructura de red para realizar el backhaul de las torres al NOC.<\/li>\n<li>La inversi\u00f3n inicial es el costo de instalar una radio PtMP adem\u00e1s de una antena en una torre, el costo del controlador de acceso easyWISP y el costo inicial del backhaul de Internet a la torre. Cada suscriptor requiere una radio CPE adem\u00e1s de una instalaci\u00f3n de router inal\u00e1mbrico. El costo del servicio de administraci\u00f3n cloud4WISP se incluye con el controlador de acceso easyWISP. El costo de todo el equipo requerido en la torre es menos de $1000.<\/li>\n<li>El WISP puede comenzar a contratar suscriptores tan pronto como la radio PtMP se instale en la torre y se conecte a Internet a trav\u00e9s del backhaul, que puede ser un enlace inal\u00e1mbrico o de l\u00ednea fija. El tiempo entre comenzar el negocio y ver los ingresos puede ser tan corto como unos pocos d\u00edas, en comparaci\u00f3n con unos pocos meses para la topolog\u00eda centralizada.<\/li>\n<li>El WISP puede expandir la red de manera incremental al agregar nuevas torres de radio PtMP. No hay l\u00edmite en el n\u00famero de gateways easyWISP que pueden ser administradas por una cuenta cloud4WISP.<\/li>\n<li>La plataforma easyWISP\/cloud4WISP es altamente escalable; se puede expandir desde una \u00fanica torre PtMP con unos pocos suscriptores a una red con miles de torres y cientos de miles de suscriptores. El WISP no perder\u00e1 ninguna inversi\u00f3n al aumentar la base de suscriptores.<\/li>\n<\/ul>\n<h3>Instalaci\u00f3n del sitio de los suscriptores<\/h3>\n<p>Cada radio CPE del suscriptor se comunica con la radio PtMP de la torre, que est\u00e1 conectada al controlador easyWISP. La radio CPE se autentica a trav\u00e9s de Internet mediante el controlador easyWISP. La radio CPE se conecta a un router inal\u00e1mbrico dentro de la casa u oficina para proporcionar acceso inal\u00e1mbrico y por cable a Internet a los usuarios.<\/p>\n<p><img src=\"http:\/\/wispinabox.com\/img\/instalacion_sitio_suscriptor.png\" alt=\"instalaci\u00f3n del sitio del suscriptor\" \/><\/p>\n<h3>Enlaces de backhaul del sitio de la torre<\/h3>\n<p>El sitio de la torre se puede conectar a un sitio de punto de presencia (PoP) del ISP a trav\u00e9s de un enlace de radio PtP. La autenticaci\u00f3n del suscriptor se produce en el sitio de la torre, por lo que no hay sobrecarga de tr\u00e1fico de autenticaci\u00f3n a trav\u00e9s del circuito de backhaul. El \u00fanico tr\u00e1fico administrativo son los comandos administrativos poco frecuentes de cloud4WISP al controlador easyWISP, y la informaci\u00f3n de uso de easyWISP a cloud4WISP.<\/p>\n<p><img src=\"http:\/\/wispinabox.com\/img\/enlances_backhaul_sitio_torre.png\" alt=\"Enlaces de backhaul del sitio de la torre\" \/><\/p>\n<h3>Instalaci\u00f3n hotspot<\/h3>\n<p>Una instalaci\u00f3n de hotspot es un caso especial de la instalaci\u00f3n del suscriptor. Los usuarios de hotspot no est\u00e1n registrados en la base de datos de suscriptores y cuando un usuario de hotspot se conecta, el dispositivo no se reconoce. Una pantalla de login se presenta al usuario y es configurada por el WISP como un gateway de pago u otra configuraci\u00f3n. Un solo controlador easyWISP puede administrar tanto a los suscriptores registrados como a los usuarios de hotspot simult\u00e1neamente. Sin embargo, la configuraci\u00f3n del punto de acceso inal\u00e1mbrico es diferente; la radio PtMP del suscriptor est\u00e1 encriptada, pero la radio PtMP del hotspot no lo est\u00e1.<\/p>\n<p><img src=\"http:\/\/wispinabox.com\/img\/instalacion_hotspot.png\" alt=\"Instalaci\u00f3n hotspot\" \/><\/p>\n<h3>Instalaci\u00f3n en edificios multi-inquilinos<\/h3>\n<p>Debe instalarse una radio CPE en un edificio que tenga m\u00faltiples suscriptores.Esto podr\u00eda ser un edificio de apartamentos, un edificio de oficinas para m\u00faltiples inquilinos o un edificio administrado por una asociaci\u00f3n de condominios. Se debe instalar un controlador de acceso easyWISP en el edificio multiusuario y se debe proporcionar un router inal\u00e1mbrico para cada suscriptor. El router inal\u00e1mbrico se registra con cada registro de base de datos cloud4WISP del suscriptor.<\/p>\n<p><img src=\"http:\/\/wispinabox.com\/img\/instalacion_edificios_multi_inquilinos.png\" alt=\"Instalaci\u00f3n de WISP en edificios multi-inquilinos\" \/><\/p>\n<h3>Suscripciones multi-nivel<\/h3>\n<p>El sistema easyWISP\/cloud4WISP permite al WISP ofrecer una estructura de datos\/precios de m\u00faltiples niveles al suscriptor. El precio de niveles m\u00faltiples tiene dos ventajas:<\/p>\n<ul>\n<li>Permite al WISP ofrecer un servicio b\u00e1sico de bajo costo para suscriptores con recursos financieros limitados.<\/li>\n<li>Permite al WISP maximizar los ingresos de un recurso limitado, la velocidad de conexi\u00f3n de datos del ISP a la torre.<\/li>\n<\/ul>\n<p>El WISP puede determinar los niveles ofrecidos a los suscriptores y establecer el nivel seleccionado en la base de datos del suscriptor. Algunos ejemplos de niveles son:<\/p>\n<ul>\n<li>Nivel 1: velocidad de descarga de datos 1Mb\/s, velocidad de subida de datos 100Kb\/s, cargo mensual $5.<\/li>\n<li>Nivel 2: velocidad de descarga de datos 5Mb\/s, velocidad de subida de datos 500Kb\/s, cargo mensual $15.<\/li>\n<li>Nivel 3: velocidad de descarga de datos 10Mb\/s, velocidad de subida de datos 1Mb\/s, cargo mensual $25.<\/li>\n<li>Nivel 4: velocidad de descarga de datos 20Mb\/s, velocidad de subida de datos 2Mb\/s, cargo mensual $45.<\/li>\n<\/ul>\n<p>Los dos componentes de informaci\u00f3n, velocidad de datos y cargo se registran como parte del registro del suscriptor. EasyWISP descarga las velocidades de descarga y subida desde cloud4WISP al activar la radio CPE para el suscriptor.<\/p>\n<p>No hay l\u00edmite para el n\u00famero o los tipos de niveles que el WISP puede ofrecer a los suscriptores. La estructura de niveles est\u00e1 determinada por el WISP que establece las velocidades de los datos y los cargos por las velocidades de los datos en el registro del suscriptor.<\/p>\n<h3>Suscriptor WISP prepago\/pospago y login de hotspot prepago<\/h3>\n<p>EasyWISP\/cloud4WISP est\u00e1 dise\u00f1ado para administrar tres tipos de usuarios, los suscriptores registrados que est\u00e1n configurados para prepago o pospago, y usuarios an\u00f3nimos que se conectan a un hotspot.<\/p>\n<p>EasyWISP siempre reconoce a un suscriptor y lo conectar\u00e1 a Internet despu\u00e9s de verificar el estado de pago del suscriptor. La \u00fanica ocasi\u00f3n en que un suscriptor ver\u00e1 una p\u00e1gina de login es cuando vence el pago mensual. Cuando un usuario de hotspot se conecta por primera vez a la red inal\u00e1mbrica, el dispositivo no se reconoce y, por lo tanto, aparece la pantalla de login de visitante. El WISP puede configurar la pantalla login para solicitar el pago, o seleccionar una de las otras cinco configuraciones.<\/p>\n<h3>Inversi\u00f3n de WISP tradicional y costos operativos<\/h3>\n<p>Muchos sistemas de administraci\u00f3n WISP requieren que el WISP pague cargos mensuales o anuales, generalmente calculados por suscriptor, o por bloque de suscriptores. Por lo tanto, a medida que el negocio de WISP crece, tambi\u00e9n crecen los gastos mensuales.<\/p>\n<p>El WISP tiene una alternativa al pago de cargos mensuales: construir un centro de operaciones de red (NOC) con servidores que ejecuten software de c\u00f3digo abierto, RADIUS para la autenticaci\u00f3n de suscriptores y un WISP abierto para la administraci\u00f3n y facturaci\u00f3n de la red. El WISP tambi\u00e9n tendr\u00e1 que escribir scripts de router para implementar la autenticaci\u00f3n del suscriptor a nivel de red.<\/p>\n<p>Construir un NOC utilizando un software de c\u00f3digo abierto gratuito tiene un costo significativo para la compra y el mantenimiento de los servidores, y requiere un profundo nivel de experiencia.Este enfoque es empleado por muchos WISP, donde los propietarios tienen el conocimiento t\u00e9cnico para construir dicho sistema y el capital de inversi\u00f3n. Desafortunadamente, los potenciales due\u00f1os de negocios WISP que no tienen el conocimiento t\u00e9cnico y el capital de inversi\u00f3n no pueden tomar esta ruta.<\/p>\n<h3>No hay gastos corrientes por suscriptor<\/h3>\n<p>Nuestra investigaci\u00f3n de mercado nos dijo que muchos propietarios de negocios WISP potenciales no quieren pagar cargos mensuales, pero no tienen las habilidades para construir y operar una soluci\u00f3n de NOC personalizada utilizando software de c\u00f3digo abierto. El sistema easyWISP y cloud4WISP ha sido dise\u00f1ado para no tener cargos continuos, sin cargos mensuales, sin cargos de software y sin cargos por suscriptor. Esto fue posible gracias a tres desarrollos t\u00e9cnicos<\/p>\n<ul>\n<li>Cloud4WISP ha desarrollado una tecnolog\u00eda de alojamiento en la nube a un costo mucho menor que las alternativas actualmente disponibles en el mercado.<\/li>\n<li>El controlador easyWISP incluye una suscripci\u00f3n de por vida a cloud4WISP como parte del precio de compra. Todas las actualizaciones de firmware son gratuitas durante toda la vida \u00fatil del producto.<\/li>\n<li>El costo del controlador easyWISP se redujo dr\u00e1sticamente con el desarrollo de tecnolog\u00eda avanzada de chips de bajo costo y alto rendimiento.<\/li>\n<\/ul>\n<h3>easyWISP opera con cualquier tipo de equipo inal\u00e1mbrico<\/h3>\n<p>Los controladores easyWISP operar\u00e1n con cualquier tipo de punto de acceso inal\u00e1mbrico y radios de clientes. El \u00fanico criterio para el equipo inal\u00e1mbrico es que cada unidad inal\u00e1mbrica tenga una direcci\u00f3n MAC y se le puede dar una direcci\u00f3n IP de administraci\u00f3n. No se requieren funciones adicionales como el Sistema de Distribuci\u00f3n Inal\u00e1mbrico (WDS). Esto significa que el WISP puede construir una red inal\u00e1mbrica utilizando un equipo inal\u00e1mbrico de muy bajo costo, lo que reducir\u00e1 a\u00fan m\u00e1s los costos de inversi\u00f3n del WISP.<\/p>\n<p>Los productos inal\u00e1mbricos se pueden implementar de diferentes fabricantes y usarse juntos en la misma red. Esto garantiza que el WISP siempre tenga acceso a los productos de menor costo, independientemente del fabricante.<\/p>\n<p>La capacidad de trabajar con cualquier tipo de producto inal\u00e1mbrico tambi\u00e9n protege la inversi\u00f3n del WISP. Cuando un dispositivo inal\u00e1mbrico falla, puede ser reemplazado por cualquier otro tipo de dispositivo inal\u00e1mbrico. El uso de dispositivos inal\u00e1mbricos no depende del fabricante.<\/p>\n<h3>Resumen de las ventajas de easyWISP<\/h3>\n<p>easyWISP ofrece muchos beneficios tanto para los WISP nuevos como para los establecidos, al reducir dr\u00e1sticamente el costo de la inversi\u00f3n en comparaci\u00f3n con cualquier otra soluci\u00f3n t\u00e9cnica. Ahora es posible que una persona con habilidades t\u00e9cnicas y recursos financieros limitados inicie un WISP y acelere el tiempo de implementaci\u00f3n y la generaci\u00f3n de ingresos subsiguientes. easyWISP tiene varios diferenciadores importantes en comparaci\u00f3n con la tecnolog\u00eda de implementaci\u00f3n WISP convencional, que se enumeran a continuaci\u00f3n:<\/p>\n<ul>\n<li>Al tener un gateway ubicado en cada torre (topolog\u00eda distribuida), se puede implementar el protocolo TCP\/IP con servicios DHCP sin el problema de un gran volumen de tr\u00e1fico &#8220;administrativo&#8221; que fluye a trav\u00e9s de toda la red de distribuci\u00f3n inal\u00e1mbrica.<\/li>\n<li>El sitio de la torre se puede conectar directamente a un enlace DSL o de l\u00ednea fija, o a trav\u00e9s de un enlace inal\u00e1mbrico PtP al punto de presencia (PoP) de acceso a Internet del ISP m\u00e1s cercano.<\/li>\n<li>No es necesario admitir WDS a trav\u00e9s de una red de distribuci\u00f3n inal\u00e1mbrica que alimenta las torres desde una ubicaci\u00f3n de PoP de ISP.<\/li>\n<li>El costo de inversi\u00f3n se reduce considerablemente porque el gateway easyWISP y cloud4WISP reemplazan al NOC a un costo peque\u00f1o en relaci\u00f3n con la inversi\u00f3n del NOC.<\/li>\n<li>Los costos operacionales se reducen, no hay costos operativos de NOC (renta de edificios, energ\u00eda, respaldo, etc.), y no hay costo para los circuitos de backhaul que conectan la torre al NOC.<\/li>\n<li>La naturaleza distribuida del dise\u00f1o de red es t\u00e9cnicamente simple en comparaci\u00f3n con un dise\u00f1o central construido alrededor de un Centro de Operaciones de Red (NOC).<\/li>\n<li>El tiempo de implementaci\u00f3n y la generaci\u00f3n de ingresos subsiguientes se acortan debido a la naturaleza plug-and-play de la tecnolog\u00eda easyWISP. El WISP requiere un sitio de torre conectado a Internet para iniciar su actividad.<\/li>\n<li>La soluci\u00f3n easyWISP\/cloud4WISP es completamente redundante. Eso significa que no hay ning\u00fan punto en la red en el que la falla desactive toda la red. En el caso de NOC, una falla detendr\u00e1 el negocio de WISP. La falla de un controlador easyWISP causar\u00e1 la falla solo en el sitio de esa torre. La falla de cloud4WISP no afectar\u00e1 la operaci\u00f3n de todos los controladores easyWISP en la red, ya que operan de manera aut\u00f3noma al servicio cloud4WISP.<\/li>\n<li>El WISP tiene una gran flexibilidad para cambiar y expandir la red de suscriptores.<\/li>\n<\/ul>\n","protected":false},"excerpt":{"rendered":"<p>Dise\u00f1o de Red WISP Centralizado La topolog\u00eda de red com\u00fan para implementar una red WISP requiere una ubicaci\u00f3n central, el Centro de Operaciones de Red (NOC) para las funciones de negocios de control de acceso, aprovisionamiento, activaci\u00f3n y facturaci\u00f3n. La topolog\u00eda centralizada no es eficiente. El protocolo TCP\/IP junto con los servicios DHCP crea una [&hellip;]<\/p>\n","protected":false},"featured_media":1997,"comment_status":"open","ping_status":"closed","template":"","meta":[],"product_cat":[201],"product_tag":[],"yst_prominent_words":[],"_links":{"self":[{"href":"https:\/\/conectacontigo.com.pe\/index.php?rest_route=\/wp\/v2\/product\/1996"}],"collection":[{"href":"https:\/\/conectacontigo.com.pe\/index.php?rest_route=\/wp\/v2\/product"}],"about":[{"href":"https:\/\/conectacontigo.com.pe\/index.php?rest_route=\/wp\/v2\/types\/product"}],"replies":[{"embeddable":true,"href":"https:\/\/conectacontigo.com.pe\/index.php?rest_route=%2Fwp%2Fv2%2Fcomments&post=1996"}],"wp:featuredmedia":[{"embeddable":true,"href":"https:\/\/conectacontigo.com.pe\/index.php?rest_route=\/wp\/v2\/media\/1997"}],"wp:attachment":[{"href":"https:\/\/conectacontigo.com.pe\/index.php?rest_route=%2Fwp%2Fv2%2Fmedia&parent=1996"}],"wp:term":[{"taxonomy":"product_cat","embeddable":true,"href":"https:\/\/conectacontigo.com.pe\/index.php?rest_route=%2Fwp%2Fv2%2Fproduct_cat&post=1996"},{"taxonomy":"product_tag","embeddable":true,"href":"https:\/\/conectacontigo.com.pe\/index.php?rest_route=%2Fwp%2Fv2%2Fproduct_tag&post=1996"},{"taxonomy":"yst_prominent_words","embeddable":true,"href":"https:\/\/conectacontigo.com.pe\/index.php?rest_route=%2Fwp%2Fv2%2Fyst_prominent_words&post=1996"}],"curies":[{"name":"wp","href":"https:\/\/api.w.org\/{rel}","templated":true}]}}